{"id":2,"date":"2016-05-30T19:16:10","date_gmt":"2016-05-30T19:16:10","guid":{"rendered":"https:\/\/www.navinohradu.cz\/?page_id=2"},"modified":"2018-03-20T17:33:06","modified_gmt":"2018-03-20T17:33:06","slug":"sample-page","status":"publish","type":"page","link":"https:\/\/www.navinohradu.cz\/en\/","title":{"rendered":"Home"},"content":{"rendered":"<p>Direct owner offers for sublease <strong>serviced, fully equipped and newly renovated apartments 10 minutes away from the Vltava River<br \/>\n<\/strong> &amp; 13 minutes away from subway station <img loading=\"lazy\" decoding=\"async\" class=\"alignnone wp-image-46\" src=\"https:\/\/www.navinohradu.cz\/wp-content\/uploads\/2016\/05\/200px-Prag_Metro_Logo.svg_.png\" alt=\"200px-Prag_Metro_Logo.svg\" width=\"33\" height=\"17\"> &#8220;Karlovo n\u00e1m\u011bst\u00ed&#8221;.<\/p>\n<p><a href=\"https:\/\/www.navinohradu.cz\/wp-content\/uploads\/2016\/05\/001.jpg\"><img loading=\"lazy\" decoding=\"async\" class=\"alignnone size-medium wp-image-221\" src=\"https:\/\/www.navinohradu.cz\/wp-content\/uploads\/2016\/05\/001-300x225.jpg\" alt=\"\" width=\"300\" height=\"225\" srcset=\"https:\/\/www.navinohradu.cz\/wp-content\/uploads\/2016\/05\/001-300x225.jpg 300w, https:\/\/www.navinohradu.cz\/wp-content\/uploads\/2016\/05\/001-768x576.jpg 768w, https:\/\/www.navinohradu.cz\/wp-content\/uploads\/2016\/05\/001.jpg 1024w\" sizes=\"auto, (max-width: 300px) 100vw, 300px\" \/><\/a> <a href=\"https:\/\/www.navinohradu.cz\/wp-content\/uploads\/2016\/05\/019.jpg\"><img loading=\"lazy\" decoding=\"async\" class=\"alignnone size-medium wp-image-220\" src=\"https:\/\/www.navinohradu.cz\/wp-content\/uploads\/2016\/05\/019-300x225.jpg\" alt=\"\" width=\"300\" height=\"225\" srcset=\"https:\/\/www.navinohradu.cz\/wp-content\/uploads\/2016\/05\/019-300x225.jpg 300w, https:\/\/www.navinohradu.cz\/wp-content\/uploads\/2016\/05\/019-768x576.jpg 768w, https:\/\/www.navinohradu.cz\/wp-content\/uploads\/2016\/05\/019.jpg 1024w\" sizes=\"auto, (max-width: 300px) 100vw, 300px\" \/><\/a> <a href=\"https:\/\/www.navinohradu.cz\/wp-content\/uploads\/2016\/05\/003.jpg\"><img loading=\"lazy\" decoding=\"async\" class=\"alignnone size-medium wp-image-222\" src=\"https:\/\/www.navinohradu.cz\/wp-content\/uploads\/2016\/05\/003-300x225.jpg\" alt=\"\" width=\"300\" height=\"225\" srcset=\"https:\/\/www.navinohradu.cz\/wp-content\/uploads\/2016\/05\/003-300x225.jpg 300w, https:\/\/www.navinohradu.cz\/wp-content\/uploads\/2016\/05\/003-768x576.jpg 768w, https:\/\/www.navinohradu.cz\/wp-content\/uploads\/2016\/05\/003.jpg 1024w\" sizes=\"auto, (max-width: 300px) 100vw, 300px\" \/><\/a><\/p>\n<h1><strong>Flat Features:<\/strong><\/h1>\n\n<table id=\"tablepress-2\" class=\"tablepress tablepress-id-2\">\n<tbody class=\"row-striping row-hover\">\n<tr class=\"row-1\">\n\t<td class=\"column-1\">Price:<\/td><td class=\"column-2\">(contact us)<\/td>\n<\/tr>\n<tr class=\"row-2\">\n\t<td class=\"column-1\">Rooms:<\/td><td class=\"column-2\">Studio apartment (one bedroom with kitchen), private toilet, private bathroom, max 1 person<\/td>\n<\/tr>\n<tr class=\"row-3\">\n\t<td class=\"column-1\">Facilities:<\/td><td class=\"column-2\">Fully furnished - high quality new furniture, kitchen stove, microwave, fridge freezer, washing machine, wardrobe, desk incl. chair, 32\" Full HD (1080p) LCD multimedia device for surfing the Internet (web, weather, YouTube, ...) incl. keyboard with touchpad and all wiring for signal reception<\/td>\n<\/tr>\n<tr class=\"row-4\">\n\t<td class=\"column-1\">Floor Covering:<\/td><td class=\"column-2\">Carpet<\/td>\n<\/tr>\n<tr class=\"row-5\">\n\t<td class=\"column-1\">Transportation:<\/td><td class=\"column-2\">Metro B - \"Karlovo Namesti\" 10 minutes from TRAM stop Pristaviste, Metro C - \u201cBudejovicka\u201d 10 minutes from the BUS stop Branicke namesti<\/td>\n<\/tr>\n<tr class=\"row-6\">\n\t<td class=\"column-1\">Parking:<\/td><td class=\"column-2\">Available for 1000 CZK (~ 39 EUR) \/ month (fenced &amp; guarded car parking 500 meters from the apartment)<\/td>\n<\/tr>\n<tr class=\"row-7\">\n\t<td class=\"column-1\">Data Infrastructure:<\/td><td class=\"column-2\">High speed Internet (shared 500\/500 Mbps), private dedicated WiFi 5 router, wired LAN 1000 Mbps<\/td>\n<\/tr>\n<tr class=\"row-8\">\n\t<td class=\"column-1\">Total area:<\/td><td class=\"column-2\">25 m2<\/td>\n<\/tr>\n<tr class=\"row-9\">\n\t<td class=\"column-1\">Floor:<\/td><td class=\"column-2\">First<\/td>\n<\/tr>\n<tr class=\"row-10\">\n\t<td class=\"column-1\">View:<\/td><td class=\"column-2\">Atrium, quiet street<\/td>\n<\/tr>\n<tr class=\"row-11\">\n\t<td class=\"column-1\">Building material:<\/td><td class=\"column-2\">Bricks<\/td>\n<\/tr>\n<tr class=\"row-12\">\n\t<td class=\"column-1\">Civic amenities:<\/td><td class=\"column-2\">Penny groceries store 200m away, several restaurants within 300m, fitness center 200m, cycling track 1000m away<\/td>\n<\/tr>\n<\/tbody>\n<\/table>\n<!-- #tablepress-2 from cache -->\n<h1><strong>Location:<\/strong><\/h1>\n<div id=\"wpgmza_map\" class=\"wpgmza_map\" data-settings='{\"id\":\"1\",\"map_title\":\"Na Vinohradu 217\\\/8, Praha\",\"map_width\":\"100\",\"map_height\":\"420\",\"map_start_lat\":\"50.064899\",\"map_start_lng\":\"14.470156\",\"map_start_location\":\"50.06489857441354,14.470156280155129\",\"map_start_zoom\":\"12\",\"default_marker\":\"0\",\"type\":\"1\",\"alignment\":\"1\",\"directions_enabled\":\"1\",\"styling_enabled\":\"0\",\"styling_json\":\"\",\"active\":\"0\",\"kml\":\"\",\"bicycle\":\"0\",\"traffic\":\"0\",\"dbox\":\"1\",\"dbox_width\":\"100\",\"listmarkers\":\"0\",\"listmarkers_advanced\":\"0\",\"filterbycat\":\"0\",\"ugm_enabled\":\"0\",\"ugm_category_enabled\":\"0\",\"fusion\":\"\",\"map_width_type\":\"\\\\%\",\"map_height_type\":\"px\",\"mass_marker_support\":\"1\",\"ugm_access\":\"0\",\"order_markers_by\":\"1\",\"order_markers_choice\":\"2\",\"show_user_location\":\"0\",\"default_to\":\"\",\"other_settings\":{\"store_locator_enabled\":2,\"store_locator_distance\":2,\"store_locator_bounce\":1,\"store_locator_query_string\":\"ZIP \\\/ Address:\",\"store_locator_default_address\":\"\",\"wpgmza_store_locator_restrict\":\"\",\"map_max_zoom\":\"1\",\"transport_layer\":0,\"wpgmza_theme_data\":\"\",\"bicycle\":\"0\",\"traffic\":\"0\"}}' data-map-id='1' Data-maps-engine='google-maps' data-shortcode-attributes='{\"id\":\"1\"}' style=\"display:block; overflow:auto; width:100%; height:420px; float:left;\"><\/div>\n<p>Open map at <a href=\"https:\/\/goo.gl\/maps\/HxRsExj3xT72\">Maps.Google.com^<\/a><\/p>\n<h3>Address:<\/h3>\n<p>Na Vinohradu 217\/8<br \/>\n147 00 Praha 4 &#8211; Bran\u00edk<\/p>\n<h3><strong>Additional Photos:<\/strong><\/h3>\nngg_shortcode_1_placeholder\n<h1><strong>I am Interested:<\/strong><\/h1>\n\n<div class=\"wpcf7 no-js\" id=\"wpcf7-f189-o2\" lang=\"en-US\" dir=\"ltr\" data-wpcf7-id=\"189\">\n<div class=\"screen-reader-response\"><p role=\"status\" aria-live=\"polite\" aria-atomic=\"true\"><\/p> <ul><\/ul><\/div>\n<form action=\"\/en\/wp-json\/wp\/v2\/pages\/2#wpcf7-f189-o2\" method=\"post\" class=\"wpcf7-form init\" aria-label=\"Contact form\" novalidate=\"novalidate\" data-status=\"init\">\n<fieldset class=\"hidden-fields-container\"><input type=\"hidden\" name=\"_wpcf7\" value=\"189\" \/><input type=\"hidden\" name=\"_wpcf7_version\" value=\"6.1.5\" \/><input type=\"hidden\" name=\"_wpcf7_locale\" value=\"en_US\" \/><input type=\"hidden\" name=\"_wpcf7_unit_tag\" value=\"wpcf7-f189-o2\" \/><input type=\"hidden\" name=\"_wpcf7_container_post\" value=\"0\" \/><input type=\"hidden\" name=\"_wpcf7_posted_data_hash\" value=\"\" \/>\n<\/fieldset>\n<p>First name:<br \/>\n<span class=\"wpcf7-form-control-wrap\" data-name=\"your-firstname\"><input size=\"40\" maxlength=\"400\" class=\"wpcf7-form-control wpcf7-text wpcf7-validates-as-required\" aria-required=\"true\" aria-invalid=\"false\" value=\"\" type=\"text\" name=\"your-firstname\" \/><\/span>\n<\/p>\n<p>Last name:<br \/>\n<span class=\"wpcf7-form-control-wrap\" data-name=\"your-lastname\"><input size=\"40\" maxlength=\"400\" class=\"wpcf7-form-control wpcf7-text wpcf7-validates-as-required\" aria-required=\"true\" aria-invalid=\"false\" value=\"\" type=\"text\" name=\"your-lastname\" \/><\/span>\n<\/p>\n<p>E-mail:<br \/>\n<span class=\"wpcf7-form-control-wrap\" data-name=\"your-email\"><input size=\"40\" maxlength=\"400\" class=\"wpcf7-form-control wpcf7-email wpcf7-validates-as-required wpcf7-text wpcf7-validates-as-email\" aria-required=\"true\" aria-invalid=\"false\" value=\"\" type=\"email\" name=\"your-email\" \/><\/span>\n<\/p>\n<p>Telephone number:<br \/>\n<span class=\"wpcf7-form-control-wrap\" data-name=\"your-tel\"><input size=\"40\" maxlength=\"400\" class=\"wpcf7-form-control wpcf7-text wpcf7-validates-as-required\" aria-required=\"true\" aria-invalid=\"false\" value=\"\" type=\"text\" name=\"your-tel\" \/><\/span>\n<\/p>\n<p>In which city are you looking for a sublease?<br \/>\n(spam protection, hint: P**ha)<br \/>\n<span class=\"wpcf7-form-control-wrap\" data-name=\"quiz-40\"><label><span class=\"wpcf7-quiz-label\"><\/span> <input size=\"40\" class=\"wpcf7-form-control wpcf7-quiz\" autocomplete=\"off\" aria-required=\"true\" aria-invalid=\"false\" type=\"text\" name=\"quiz-40\" \/><\/label><input type=\"hidden\" name=\"_wpcf7_quiz_answer_quiz-40\" value=\"5c3cef20a6acb03c12b404e7d35f4f59\" \/><\/span>\n<\/p>\n<p>Your Message:<br \/>\n<span class=\"wpcf7-form-control-wrap\" data-name=\"your-message\"><textarea cols=\"40\" rows=\"10\" maxlength=\"2000\" class=\"wpcf7-form-control wpcf7-textarea wpcf7-validates-as-required\" aria-required=\"true\" aria-invalid=\"false\" name=\"your-message\"><\/textarea><\/span>\n<\/p>\n<p><input class=\"wpcf7-form-control wpcf7-submit has-spinner\" type=\"submit\" value=\"Send\" \/>\n<\/p><div class=\"wpcf7-response-output\" aria-hidden=\"true\"><\/div>\n<\/form>\n<\/div>\n\n<p>Phone number: (+420) 228 226 398 (only for urgent matters)<\/p>","protected":false},"excerpt":{"rendered":"<p>Direct owner offers for sublease serviced, fully equipped and newly renovated apartments 10 minutes away from the Vltava River &amp; 13 minutes away from subway station &#8220;Karlovo n\u00e1m\u011bst\u00ed&#8221;. Flat Features: &nbsp; Location: Open map at Maps.Google.com^ Address: Na Vinohradu 217\/8 147 00 Praha 4 &#8211; Bran\u00edk Additional Photos: &#8221; order_by=&#8221;filename&#8221; order_direction=&#8221;ASC&#8221; returns=&#8221;included&#8221; maximum_entity_count=&#8221;500&#8243;] I am [&hellip;]<\/p>\n","protected":false},"author":1,"featured_media":0,"parent":0,"menu_order":0,"comment_status":"closed","ping_status":"open","template":"","meta":{"ngg_post_thumbnail":0,"footnotes":""},"class_list":["post-2","page","type-page","status-publish","hentry"],"_links":{"self":[{"href":"https:\/\/www.navinohradu.cz\/en\/wp-json\/wp\/v2\/pages\/2","targetHints":{"allow":["GET"]}}],"collection":[{"href":"https:\/\/www.navinohradu.cz\/en\/wp-json\/wp\/v2\/pages"}],"about":[{"href":"https:\/\/www.navinohradu.cz\/en\/wp-json\/wp\/v2\/types\/page"}],"author":[{"embeddable":true,"href":"https:\/\/www.navinohradu.cz\/en\/wp-json\/wp\/v2\/users\/1"}],"replies":[{"embeddable":true,"href":"https:\/\/www.navinohradu.cz\/en\/wp-json\/wp\/v2\/comments?post=2"}],"version-history":[{"count":79,"href":"https:\/\/www.navinohradu.cz\/en\/wp-json\/wp\/v2\/pages\/2\/revisions"}],"predecessor-version":[{"id":416,"href":"https:\/\/www.navinohradu.cz\/en\/wp-json\/wp\/v2\/pages\/2\/revisions\/416"}],"wp:attachment":[{"href":"https:\/\/www.navinohradu.cz\/en\/wp-json\/wp\/v2\/media?parent=2"}],"curies":[{"name":"wp","href":"https:\/\/api.w.org\/{rel}","templated":true}]}}