{"id":2,"date":"2016-05-30T19:16:10","date_gmt":"2016-05-30T19:16:10","guid":{"rendered":"https:\/\/www.navinohradu.cz\/?page_id=2"},"modified":"2018-03-20T17:33:06","modified_gmt":"2018-03-20T17:33:06","slug":"sample-page","status":"publish","type":"page","link":"https:\/\/www.navinohradu.cz\/cs\/","title":{"rendered":"Dom\u016f"},"content":{"rendered":"<p>P\u0159\u00edm\u00fd majitel nab\u00edz\u00ed k podn\u00e1jmu<strong> servisovan\u00e9 (2x v m\u011bs\u00edci \u00faklid), pln\u011b vybaven\u00e9 a nov\u011b kompletn\u011b zrekonstruovan\u00e9 byty<\/strong> 10 minut<br \/>\nod Vltavy, 13 minut od <img loading=\"lazy\" decoding=\"async\" class=\"alignnone wp-image-46\" src=\"https:\/\/www.navinohradu.cz\/wp-content\/uploads\/2016\/05\/200px-Prag_Metro_Logo.svg_.png\" alt=\"200px-Prag_Metro_Logo.svg\" width=\"33\" height=\"17\"> &#8222;Karlovo n\u00e1m\u011bst\u00ed&#8220;.<\/p>\n<p><a href=\"https:\/\/www.navinohradu.cz\/wp-content\/uploads\/2016\/05\/001.jpg\"><img loading=\"lazy\" decoding=\"async\" class=\"alignnone size-medium wp-image-221\" src=\"https:\/\/www.navinohradu.cz\/wp-content\/uploads\/2016\/05\/001-300x225.jpg\" alt=\"\" width=\"300\" height=\"225\" srcset=\"https:\/\/www.navinohradu.cz\/wp-content\/uploads\/2016\/05\/001-300x225.jpg 300w, https:\/\/www.navinohradu.cz\/wp-content\/uploads\/2016\/05\/001-768x576.jpg 768w, https:\/\/www.navinohradu.cz\/wp-content\/uploads\/2016\/05\/001.jpg 1024w\" sizes=\"auto, (max-width: 300px) 100vw, 300px\" \/><\/a> <a href=\"https:\/\/www.navinohradu.cz\/wp-content\/uploads\/2016\/05\/019.jpg\"><img loading=\"lazy\" decoding=\"async\" class=\"alignnone size-medium wp-image-220\" src=\"https:\/\/www.navinohradu.cz\/wp-content\/uploads\/2016\/05\/019-300x225.jpg\" alt=\"\" width=\"300\" height=\"225\" srcset=\"https:\/\/www.navinohradu.cz\/wp-content\/uploads\/2016\/05\/019-300x225.jpg 300w, https:\/\/www.navinohradu.cz\/wp-content\/uploads\/2016\/05\/019-768x576.jpg 768w, https:\/\/www.navinohradu.cz\/wp-content\/uploads\/2016\/05\/019.jpg 1024w\" sizes=\"auto, (max-width: 300px) 100vw, 300px\" \/><\/a> <a href=\"https:\/\/www.navinohradu.cz\/wp-content\/uploads\/2016\/05\/003.jpg\"><img loading=\"lazy\" decoding=\"async\" class=\"alignnone size-medium wp-image-222\" src=\"https:\/\/www.navinohradu.cz\/wp-content\/uploads\/2016\/05\/003-300x225.jpg\" alt=\"\" width=\"300\" height=\"225\" srcset=\"https:\/\/www.navinohradu.cz\/wp-content\/uploads\/2016\/05\/003-300x225.jpg 300w, https:\/\/www.navinohradu.cz\/wp-content\/uploads\/2016\/05\/003-768x576.jpg 768w, https:\/\/www.navinohradu.cz\/wp-content\/uploads\/2016\/05\/003.jpg 1024w\" sizes=\"auto, (max-width: 300px) 100vw, 300px\" \/><\/a><\/p>\n<h1><strong>Vlastnosti bytu v p\u0159ehledu:<\/strong><\/h1>\n\n<table id=\"tablepress-1\" class=\"tablepress tablepress-id-1\">\n<tbody class=\"row-striping row-hover\">\n<tr class=\"row-1\">\n\t<td class=\"column-1\">Cena:<\/td><td class=\"column-2\">(na dotaz)<\/td>\n<\/tr>\n<tr class=\"row-2\">\n\t<td class=\"column-1\">Pokoje:<\/td><td class=\"column-2\">studio byt (1+kk), vlastn\u00ed toaleta, vlastn\u00ed koupelna, max 1 osoba<\/td>\n<\/tr>\n<tr class=\"row-3\">\n\t<td class=\"column-1\">Vybaven\u00ed:<\/td><td class=\"column-2\">pln\u011b vybaveno - kvalitn\u00ed nov\u00fd n\u00e1bytek na m\u00edru, kuchy\u0148sk\u00fd va\u0159i\u010d, mikrovlnn\u00e1 trouba, lednice s mraz\u00e1kem, pra\u010dka, \u0161atn\u00ed \u0161k\u0159i\u0148, psac\u00ed st\u016fl v\u010d. \u017eidle, 32\" Full HD (1080p) LCD multimedi\u00e1ln\u00ed za\u0159\u00edzen\u00ed pro prohli\u017een\u00ed Internetu (web, po\u010das\u00ed, YouTube,...) v\u010d. kl\u00e1vesnice s touchpadem a ve\u0161ker\u00e9 kabel\u00e1\u017ee pro p\u0159\u00edjem sign\u00e1lu<br \/>\n<\/td>\n<\/tr>\n<tr class=\"row-4\">\n\t<td class=\"column-1\">Podlahy:<\/td><td class=\"column-2\">koberec<\/td>\n<\/tr>\n<tr class=\"row-5\">\n\t<td class=\"column-1\">Dopravn\u00ed spojen\u00ed:<\/td><td class=\"column-2\">Metro B - \"Karlovo N\u00e1m\u011bst\u00ed\" 10 minut od zast\u00e1vky TRAM P\u0159\u00edstavi\u0161t\u011b, Metro C - \u201cBud\u011bjovick\u00e1\u201d 10 minut od zast\u00e1vky BUS Branick\u00e9 n\u00e1m\u011bst\u00ed<\/td>\n<\/tr>\n<tr class=\"row-6\">\n\t<td class=\"column-1\">Parking:<\/td><td class=\"column-2\">Dostupn\u00e9 za 1000 K\u010d \/ m\u011bs\u00ed\u010dn\u011b (hl\u00eddan\u00e9 oplocen\u00e9 parkovi\u0161t\u011b 500 m od objektu)<\/td>\n<\/tr>\n<tr class=\"row-7\">\n\t<td class=\"column-1\">Datova infrastruktura:<\/td><td class=\"column-2\">vysokorychlostn\u00ed Internet (sd\u00edlen\u00e9 500\/500 Mbps), soukrom\u00e1 vyhrazen\u00e1 WIFI 5, datov\u00e9 rozvody LAN 1000 Mbps<\/td>\n<\/tr>\n<tr class=\"row-8\">\n\t<td class=\"column-1\">Celkov\u00e1 plocha:<\/td><td class=\"column-2\">25 m2<\/td>\n<\/tr>\n<tr class=\"row-9\">\n\t<td class=\"column-1\">Podla\u017e\u00ed:<\/td><td class=\"column-2\">prvn\u00ed<\/td>\n<\/tr>\n<tr class=\"row-10\">\n\t<td class=\"column-1\">V\u00fdhled:<\/td><td class=\"column-2\">atrium, klidn\u00e1 ulice<\/td>\n<\/tr>\n<tr class=\"row-11\">\n\t<td class=\"column-1\">Typ budovy:<\/td><td class=\"column-2\">cihla<\/td>\n<\/tr>\n<tr class=\"row-12\">\n\t<td class=\"column-1\">Ob\u010dansk\u00e1 vybavenost:<\/td><td class=\"column-2\">Penny market 200m, n\u011bkolik restaurac\u00ed v dosahu 300m, fitcentrum 200m, cyklostezka 1000m<\/td>\n<\/tr>\n<\/tbody>\n<\/table>\n<!-- #tablepress-1 from cache -->\n<h1><strong>Lokalita:<\/strong><\/h1>\n<div id=\"wpgmza_map\" class=\"wpgmza_map\" data-settings='{\"id\":\"1\",\"map_title\":\"Na Vinohradu 217\\\/8, Praha\",\"map_width\":\"100\",\"map_height\":\"420\",\"map_start_lat\":\"50.064899\",\"map_start_lng\":\"14.470156\",\"map_start_location\":\"50.06489857441354,14.470156280155129\",\"map_start_zoom\":\"12\",\"default_marker\":\"0\",\"type\":\"1\",\"alignment\":\"1\",\"directions_enabled\":\"1\",\"styling_enabled\":\"0\",\"styling_json\":\"\",\"active\":\"0\",\"kml\":\"\",\"bicycle\":\"0\",\"traffic\":\"0\",\"dbox\":\"1\",\"dbox_width\":\"100\",\"listmarkers\":\"0\",\"listmarkers_advanced\":\"0\",\"filterbycat\":\"0\",\"ugm_enabled\":\"0\",\"ugm_category_enabled\":\"0\",\"fusion\":\"\",\"map_width_type\":\"\\\\%\",\"map_height_type\":\"px\",\"mass_marker_support\":\"1\",\"ugm_access\":\"0\",\"order_markers_by\":\"1\",\"order_markers_choice\":\"2\",\"show_user_location\":\"0\",\"default_to\":\"\",\"other_settings\":{\"store_locator_enabled\":2,\"store_locator_distance\":2,\"store_locator_bounce\":1,\"store_locator_query_string\":\"ZIP \\\/ Address:\",\"store_locator_default_address\":\"\",\"wpgmza_store_locator_restrict\":\"\",\"map_max_zoom\":\"1\",\"transport_layer\":0,\"wpgmza_theme_data\":\"\",\"bicycle\":\"0\",\"traffic\":\"0\"}}' data-map-id='1' Data-maps-engine='google-maps' data-shortcode-attributes='{\"id\":\"1\"}' style=\"display:block; overflow:auto; width:100%; height:420px; float:left;\"><\/div>\n<p>Zobrazit mapu na <a href=\"https:\/\/goo.gl\/maps\/HxRsExj3xT72\">Maps.Google.com^<\/a><\/p>\n<h3>Adresa:<\/h3>\n<p>Na Vinohradu 217\/8<br \/>\n147 00 Praha 4 &#8211; Bran\u00edk<\/p>\n<h3><strong>Dal\u0161\u00ed fotografie:<\/strong><\/h3>\nngg_shortcode_0_placeholder\n<p>&nbsp;<\/p>\n<h1><strong>M\u00e1m z\u00e1jem:<br \/>\n<\/strong><\/h1>\n\n<div class=\"wpcf7 no-js\" id=\"wpcf7-f193-o1\" lang=\"en-US\" dir=\"ltr\" data-wpcf7-id=\"193\">\n<div class=\"screen-reader-response\"><p role=\"status\" aria-live=\"polite\" aria-atomic=\"true\"><\/p> <ul><\/ul><\/div>\n<form action=\"\/cs\/wp-json\/wp\/v2\/pages\/2#wpcf7-f193-o1\" method=\"post\" class=\"wpcf7-form init\" aria-label=\"Contact form\" novalidate=\"novalidate\" data-status=\"init\">\n<fieldset class=\"hidden-fields-container\"><input type=\"hidden\" name=\"_wpcf7\" value=\"193\" \/><input type=\"hidden\" name=\"_wpcf7_version\" value=\"6.1.6\" \/><input type=\"hidden\" name=\"_wpcf7_locale\" value=\"en_US\" \/><input type=\"hidden\" name=\"_wpcf7_unit_tag\" value=\"wpcf7-f193-o1\" \/><input type=\"hidden\" name=\"_wpcf7_container_post\" value=\"0\" \/><input type=\"hidden\" name=\"_wpcf7_posted_data_hash\" value=\"\" \/>\n<\/fieldset>\n<p>Jm\u00e9no:<br \/>\n<span class=\"wpcf7-form-control-wrap\" data-name=\"your-firstname\"><input size=\"40\" maxlength=\"400\" class=\"wpcf7-form-control wpcf7-text wpcf7-validates-as-required\" aria-required=\"true\" aria-invalid=\"false\" value=\"\" type=\"text\" name=\"your-firstname\" \/><\/span>\n<\/p>\n<p>P\u0159\u00edjmen\u00ed:<br \/>\n<span class=\"wpcf7-form-control-wrap\" data-name=\"your-lastname\"><input size=\"40\" maxlength=\"400\" class=\"wpcf7-form-control wpcf7-text wpcf7-validates-as-required\" aria-required=\"true\" aria-invalid=\"false\" value=\"\" type=\"text\" name=\"your-lastname\" \/><\/span>\n<\/p>\n<p>E-mail:<br \/>\n<span class=\"wpcf7-form-control-wrap\" data-name=\"your-email\"><input size=\"40\" maxlength=\"400\" class=\"wpcf7-form-control wpcf7-email wpcf7-validates-as-required wpcf7-text wpcf7-validates-as-email\" aria-required=\"true\" aria-invalid=\"false\" value=\"\" type=\"email\" name=\"your-email\" \/><\/span>\n<\/p>\n<p>Telefonn\u00ed \u010d\u00edslo:<br \/>\n<span class=\"wpcf7-form-control-wrap\" data-name=\"your-tel\"><input size=\"40\" maxlength=\"400\" class=\"wpcf7-form-control wpcf7-text wpcf7-validates-as-required\" aria-required=\"true\" aria-invalid=\"false\" value=\"\" type=\"text\" name=\"your-tel\" \/><\/span>\n<\/p>\n<p>V jak\u00e9m m\u011bst\u011b popt\u00e1v\u00e1te podn\u00e1jem?<br \/>\n(ochrana proti spamu, n\u00e1pov\u011bda: P**ha)<br \/>\n<span class=\"wpcf7-form-control-wrap\" data-name=\"quiz-40\"><label><span class=\"wpcf7-quiz-label\"><\/span> <input size=\"40\" class=\"wpcf7-form-control wpcf7-quiz\" autocomplete=\"off\" aria-required=\"true\" aria-invalid=\"false\" type=\"text\" name=\"quiz-40\" \/><\/label><input type=\"hidden\" name=\"_wpcf7_quiz_answer_quiz-40\" value=\"5c3cef20a6acb03c12b404e7d35f4f59\" \/><\/span>\n<\/p>\n<p>Va\u0161e zpr\u00e1va<br \/>\n<span class=\"wpcf7-form-control-wrap\" data-name=\"your-message\"><textarea cols=\"40\" rows=\"10\" maxlength=\"2000\" class=\"wpcf7-form-control wpcf7-textarea wpcf7-validates-as-required\" aria-required=\"true\" aria-invalid=\"false\" name=\"your-message\"><\/textarea><\/span>\n<\/p>\n<p><input class=\"wpcf7-form-control wpcf7-submit has-spinner\" type=\"submit\" value=\"Odeslat\" \/>\n<\/p><div class=\"wpcf7-response-output\" aria-hidden=\"true\"><\/div>\n<\/form>\n<\/div>\n\n<p>Telefonn\u00ed \u010d\u00edslo: (+420) 228 226 398 (pouze pro urgentn\u00ed z\u00e1le\u017eitosti)<\/p>","protected":false},"excerpt":{"rendered":"<p>P\u0159\u00edm\u00fd majitel nab\u00edz\u00ed k podn\u00e1jmu servisovan\u00e9 (2x v m\u011bs\u00edci \u00faklid), pln\u011b vybaven\u00e9 a nov\u011b kompletn\u011b zrekonstruovan\u00e9 byty 10 minut od Vltavy, 13 minut od &#8222;Karlovo n\u00e1m\u011bst\u00ed&#8220;. Vlastnosti bytu v p\u0159ehledu: Lokalita: Zobrazit mapu na Maps.Google.com^ Adresa: Na Vinohradu 217\/8 147 00 Praha 4 &#8211; Bran\u00edk Dal\u0161\u00ed fotografie: &#8220; order_by=&#8220;filename&#8220; order_direction=&#8220;ASC&#8220; returns=&#8220;included&#8220; maximum_entity_count=&#8220;500&#8243;] &nbsp; M\u00e1m z\u00e1jem: [&hellip;]<\/p>\n","protected":false},"author":1,"featured_media":0,"parent":0,"menu_order":0,"comment_status":"closed","ping_status":"open","template":"","meta":{"ngg_post_thumbnail":0,"footnotes":""},"class_list":["post-2","page","type-page","status-publish","hentry"],"_links":{"self":[{"href":"https:\/\/www.navinohradu.cz\/cs\/wp-json\/wp\/v2\/pages\/2","targetHints":{"allow":["GET"]}}],"collection":[{"href":"https:\/\/www.navinohradu.cz\/cs\/wp-json\/wp\/v2\/pages"}],"about":[{"href":"https:\/\/www.navinohradu.cz\/cs\/wp-json\/wp\/v2\/types\/page"}],"author":[{"embeddable":true,"href":"https:\/\/www.navinohradu.cz\/cs\/wp-json\/wp\/v2\/users\/1"}],"replies":[{"embeddable":true,"href":"https:\/\/www.navinohradu.cz\/cs\/wp-json\/wp\/v2\/comments?post=2"}],"version-history":[{"count":79,"href":"https:\/\/www.navinohradu.cz\/cs\/wp-json\/wp\/v2\/pages\/2\/revisions"}],"predecessor-version":[{"id":416,"href":"https:\/\/www.navinohradu.cz\/cs\/wp-json\/wp\/v2\/pages\/2\/revisions\/416"}],"wp:attachment":[{"href":"https:\/\/www.navinohradu.cz\/cs\/wp-json\/wp\/v2\/media?parent=2"}],"curies":[{"name":"wp","href":"https:\/\/api.w.org\/{rel}","templated":true}]}}